{"id":1393,"date":"2022-08-21T17:56:45","date_gmt":"2022-08-21T17:56:45","guid":{"rendered":"https:\/\/demo.webtend.net\/wp\/oxence-dark\/?page_id=1393"},"modified":"2025-03-24T23:06:25","modified_gmt":"2025-03-24T23:06:25","slug":"contact","status":"publish","type":"page","link":"https:\/\/www.faisalsafadi.com\/en\/contact\/","title":{"rendered":"Contact Us"},"content":{"rendered":"<div data-elementor-type=\"wp-page\" data-elementor-id=\"1393\" class=\"elementor elementor-1393\">\n\t\t\t\t\t\t<section class=\"elementor-section elementor-top-section elementor-element elementor-element-e75c895 elementor-section-boxed elementor-section-height-default elementor-section-height-default\" data-id=\"e75c895\" data-element_type=\"section\">\n\t\t\t\t\t\t<div class=\"elementor-container elementor-column-gap-default\">\n\t\t\t\t\t<div class=\"elementor-column elementor-col-50 elementor-top-column elementor-element elementor-element-9aac5be\" data-id=\"9aac5be\" data-element_type=\"column\">\n\t\t\t<div class=\"elementor-widget-wrap elementor-element-populated\">\n\t\t\t\t\t\t<div class=\"elementor-element elementor-element-8294e97 elementor-widget elementor-widget-text-editor\" data-id=\"8294e97\" data-element_type=\"widget\" data-widget_type=\"text-editor.default\">\n\t\t\t\t<div class=\"elementor-widget-container\">\n\t\t\t\t\t\t\t\t\t<p>Maintenance de sites web Marrakech<\/p><p>Web Design Services<\/p><p>Web App Development<\/p><p>E-commerce and online sales<\/p><p>Search Engine Optimization (SEO)<\/p><p>Professional Photo &amp; Video<\/p>\t\t\t\t\t\t\t\t<\/div>\n\t\t\t\t<\/div>\n\t\t\t\t<div class=\"elementor-element elementor-element-766608e elementor-widget elementor-widget-image\" data-id=\"766608e\" data-element_type=\"widget\" data-widget_type=\"image.default\">\n\t\t\t\t<div class=\"elementor-widget-container\">\n\t\t\t\t\t\t\t\t\t\t\t\t\t\t\t<img fetchpriority=\"high\" decoding=\"async\" width=\"936\" height=\"468\" src=\"https:\/\/www.faisalsafadi.com\/wp-content\/uploads\/2025\/03\/creation-siteweb.png\" class=\"attachment-large size-large wp-image-6246\" alt=\"Maintenance de sites web Marrakech\" srcset=\"https:\/\/www.faisalsafadi.com\/wp-content\/uploads\/2025\/03\/creation-siteweb.png 936w, https:\/\/www.faisalsafadi.com\/wp-content\/uploads\/2025\/03\/creation-siteweb-300x150.png 300w, https:\/\/www.faisalsafadi.com\/wp-content\/uploads\/2025\/03\/creation-siteweb-768x384.png 768w\" sizes=\"(max-width: 936px) 100vw, 936px\" \/>\t\t\t\t\t\t\t\t\t\t\t\t\t\t\t<\/div>\n\t\t\t\t<\/div>\n\t\t\t\t<div class=\"elementor-element elementor-element-3192af2 elementor-widget elementor-widget-oxence-info-box\" data-id=\"3192af2\" data-element_type=\"widget\" data-widget_type=\"oxence-info-box.default\">\n\t\t\t\t<div class=\"elementor-widget-container\">\n\t\t\t\t\t        <div class=\"oxence-info-box text-left icon-left\">\n                    <div class=\"box-icon\">\n                                                <i aria-hidden=\"true\" class=\"fas fa-envelope-open-text\"><\/i>                                    <\/div>\n                    <div class=\"box-content\">\n                                    <h5 class=\"box-title\">\n                        <span class=\"title-text\">email<\/span>                    <\/h5>\n                                <p class=\"description\">faisalsafadi@gmail.com<\/p>            <\/div>\n                                <\/div>\n        \t\t\t\t<\/div>\n\t\t\t\t<\/div>\n\t\t\t\t<div class=\"elementor-element elementor-element-f9929a7 elementor-widget elementor-widget-oxence-info-box\" data-id=\"f9929a7\" data-element_type=\"widget\" data-widget_type=\"oxence-info-box.default\">\n\t\t\t\t<div class=\"elementor-widget-container\">\n\t\t\t\t\t        <div class=\"oxence-info-box text-left icon-left\">\n                    <div class=\"box-icon\">\n                                                <i aria-hidden=\"true\" class=\"fas fa-phone\"><\/i>                                    <\/div>\n                    <div class=\"box-content\">\n                                    <h5 class=\"box-title\">\n                        <span class=\"title-text\">T\u00e9l\u00e9phone<\/span>                    <\/h5>\n                                <p class=\"description\">Appel : +212 668 964 168\nWhatsapp : +212668964168<\/p>            <\/div>\n                                <\/div>\n        \t\t\t\t<\/div>\n\t\t\t\t<\/div>\n\t\t\t\t<div class=\"elementor-section elementor-inner-section elementor-element elementor-element-315f2d4 elementor-section-full_width elementor-section-height-default elementor-section-height-default\" data-id=\"315f2d4\" data-element_type=\"section\">\n\t\t\t\t\t\t<div class=\"elementor-container elementor-column-gap-default\">\n\t\t\t\t\t<div class=\"elementor-column elementor-col-100 elementor-inner-column elementor-element elementor-element-67608fe\" data-id=\"67608fe\" data-element_type=\"column\">\n\t\t\t<div class=\"elementor-widget-wrap elementor-element-populated\">\n\t\t\t\t\t\t<div class=\"elementor-element elementor-element-040a66c elementor-widget elementor-widget-heading\" data-id=\"040a66c\" data-element_type=\"widget\" data-widget_type=\"heading.default\">\n\t\t\t\t<div class=\"elementor-widget-container\">\n\t\t\t\t\t<h4 class=\"elementor-heading-title elementor-size-default\">Suivez-nous<\/h4>\t\t\t\t<\/div>\n\t\t\t\t<\/div>\n\t\t\t\t<div class=\"elementor-element elementor-element-9c77f21 elementor-shape-circle elementor-grid-0 e-grid-align-center elementor-widget elementor-widget-social-icons\" data-id=\"9c77f21\" data-element_type=\"widget\" data-widget_type=\"social-icons.default\">\n\t\t\t\t<div class=\"elementor-widget-container\">\n\t\t\t\t\t\t\t<div class=\"elementor-social-icons-wrapper elementor-grid\" role=\"list\">\n\t\t\t\t\t\t\t<span class=\"elementor-grid-item\" role=\"listitem\">\n\t\t\t\t\t<a class=\"elementor-icon elementor-social-icon elementor-social-icon-facebook-f elementor-repeater-item-54fd3cc\" href=\"https:\/\/www.facebook.com\/WebMasterFreelanceMarrakech\" target=\"_blank\" rel=\"noopener\">\n\t\t\t\t\t\t<span class=\"elementor-screen-only\">Facebook-f<\/span>\n\t\t\t\t\t\t<i aria-hidden=\"true\" class=\"fab fa-facebook-f\"><\/i>\t\t\t\t\t<\/a>\n\t\t\t\t<\/span>\n\t\t\t\t\t\t\t<span class=\"elementor-grid-item\" role=\"listitem\">\n\t\t\t\t\t<a class=\"elementor-icon elementor-social-icon elementor-social-icon-github elementor-repeater-item-513794c\" href=\"https:\/\/github.com\/faisalsafadi\" target=\"_blank\" rel=\"noopener\">\n\t\t\t\t\t\t<span class=\"elementor-screen-only\">Github<\/span>\n\t\t\t\t\t\t<i aria-hidden=\"true\" class=\"fab fa-github\"><\/i>\t\t\t\t\t<\/a>\n\t\t\t\t<\/span>\n\t\t\t\t\t\t\t<span class=\"elementor-grid-item\" role=\"listitem\">\n\t\t\t\t\t<a class=\"elementor-icon elementor-social-icon elementor-social-icon-linkedin-in elementor-repeater-item-63deb0a\" href=\"https:\/\/www.linkedin.com\/in\/faisal-safadi\/\" target=\"_blank\" rel=\"noopener\">\n\t\t\t\t\t\t<span class=\"elementor-screen-only\">Linkedin-in<\/span>\n\t\t\t\t\t\t<i aria-hidden=\"true\" class=\"fab fa-linkedin-in\"><\/i>\t\t\t\t\t<\/a>\n\t\t\t\t<\/span>\n\t\t\t\t\t<\/div>\n\t\t\t\t\t\t<\/div>\n\t\t\t\t<\/div>\n\t\t\t\t<div class=\"elementor-element elementor-element-093a2ef elementor-align-center elementor-icon-list--layout-traditional elementor-list-item-link-full_width elementor-widget elementor-widget-icon-list\" data-id=\"093a2ef\" data-element_type=\"widget\" data-widget_type=\"icon-list.default\">\n\t\t\t\t<div class=\"elementor-widget-container\">\n\t\t\t\t\t\t\t<ul class=\"elementor-icon-list-items\">\n\t\t\t\t\t\t\t<li class=\"elementor-icon-list-item\">\n\t\t\t\t\t\t\t\t\t\t<span class=\"elementor-icon-list-text\">Maintenance de sites web Marrakech<\/span>\n\t\t\t\t\t\t\t\t\t<\/li>\n\t\t\t\t\t\t<\/ul>\n\t\t\t\t\t\t<\/div>\n\t\t\t\t<\/div>\n\t\t\t\t\t<\/div>\n\t\t<\/div>\n\t\t\t\t\t<\/div>\n\t\t<\/div>\n\t\t\t\t\t<\/div>\n\t\t<\/div>\n\t\t\t\t<div class=\"elementor-column elementor-col-50 elementor-top-column elementor-element elementor-element-4e3e4c2\" data-id=\"4e3e4c2\" data-element_type=\"column\">\n\t\t\t<div class=\"elementor-widget-wrap elementor-element-populated\">\n\t\t\t\t\t\t<div class=\"elementor-element elementor-element-0856a1f elementor-widget elementor-widget-oxence-advanced-heading\" data-id=\"0856a1f\" data-element_type=\"widget\" data-widget_type=\"oxence-advanced-heading.default\">\n\t\t\t\t<div class=\"elementor-widget-container\">\n\t\t\t\t\t        <div class=\"oxence-advanced-heading\">\n                            <div class=\"sub-heading\">\n                                            <span class=\"arrow-line\">\n                            <svg version=\"1.1\" xmlns=\"http:\/\/www.w3.org\/2000\/svg\" viewbox=\"0 0 4.15 1.83\"><path d=\"M0.1,0.57C0.25,0.5,0.39,0.4,0.54,0.32C0.69,0.25,0.85,0.2,1.01,0.19c0.3-0.02,0.57,0.11,0.69,0.39 c0.12,0.27,0.14,0.57,0.39,0.76c0.22,0.17,0.5,0.21,0.77,0.22c0.16,0,0.33-0.01,0.49-0.03C3.43,1.51,3.52,1.5,3.61,1.48 c0.08-0.01,0.17-0.02,0.24-0.06c0.04-0.02,0.02-0.07-0.02-0.07C3.75,1.34,3.68,1.37,3.61,1.38C3.53,1.4,3.46,1.42,3.38,1.43 C3.23,1.46,3.07,1.47,2.91,1.47c-0.29,0-0.63-0.04-0.84-0.26c-0.23-0.23-0.2-0.59-0.39-0.84C1.52,0.18,1.26,0.1,1.01,0.11 C0.85,0.12,0.69,0.17,0.54,0.24c-0.16,0.08-0.34,0.17-0.47,0.3C0.06,0.55,0.08,0.58,0.1,0.57L0.1,0.57z\"\/><polygon points=\"4.06,1.39 3.81,1.24 3.55,1.09 3.78,1.41 3.61,1.76 3.84,1.57\"\/><\/svg>                        <\/span>\n                                        <span class=\"sub-heading-text\">D\u00e9veloppez Votre Pr\u00e9sence en Ligne<\/span>                                    <\/div>\n                        <h2 class=\"main-heading\"><span class=\"main-text\">Pr\u00eat \u00e0 d\u00e9marrer un nouveau projet ou \u00e0 collaborer ? \nContactez-nous !<\/span><\/h2>        <\/div>\n        \t\t\t\t<\/div>\n\t\t\t\t<\/div>\n\t\t\t\t<div class=\"elementor-element elementor-element-1036de2 elementor-widget elementor-widget-text-editor\" data-id=\"1036de2\" data-element_type=\"widget\" data-widget_type=\"text-editor.default\">\n\t\t\t\t<div class=\"elementor-widget-container\">\n\t\t\t\t\t\t\t\t\t<p>Que vous ayez besoin d&rsquo;un <a title=\"Web Design\" href=\"https:\/\/creation-site-web-marrakech.jimdosite.com\/\" target=\"_blank\" rel=\"nofollow noopener\"> site web<\/a>, d&rsquo;une <a href=\"https:\/\/www.faisalsafadi.com\/en\/services\/app-development-for-web\/\">application web<\/a> ou de services de marketing digital, nous sommes l\u00e0 pour vous aider \u00e0 atteindre vos objectifs.<br \/><strong>Contactez-nous pour en savoir plus<\/strong><\/p>\t\t\t\t\t\t\t\t<\/div>\n\t\t\t\t<\/div>\n\t\t\t\t<div class=\"elementor-element elementor-element-814aa0b elementor-widget elementor-widget-oxence-cf7\" data-id=\"814aa0b\" data-element_type=\"widget\" data-widget_type=\"oxence-cf7.default\">\n\t\t\t\t<div class=\"elementor-widget-container\">\n\t\t\t\t\t            <div class=\"oxence-cf7\">\n                \n<div class=\"wpcf7 no-js\" id=\"wpcf7-f4721-o1\" lang=\"en-US\" dir=\"ltr\" data-wpcf7-id=\"4721\">\n<div class=\"screen-reader-response\"><p role=\"status\" aria-live=\"polite\" aria-atomic=\"true\"><\/p> <ul><\/ul><\/div>\n<form action=\"\/en\/wp-json\/wp\/v2\/pages\/1393#wpcf7-f4721-o1\" method=\"post\" class=\"wpcf7-form init\" aria-label=\"Contact form\" novalidate=\"novalidate\" data-status=\"init\" data-trp-original-action=\"\/en\/wp-json\/wp\/v2\/pages\/1393#wpcf7-f4721-o1\">\n<fieldset class=\"hidden-fields-container\"><input type=\"hidden\" name=\"_wpcf7\" value=\"4721\" \/><input type=\"hidden\" name=\"_wpcf7_version\" value=\"6.1.5\" \/><input type=\"hidden\" name=\"_wpcf7_locale\" value=\"en_US\" \/><input type=\"hidden\" name=\"_wpcf7_unit_tag\" value=\"wpcf7-f4721-o1\" \/><input type=\"hidden\" name=\"_wpcf7_container_post\" value=\"0\" \/><input type=\"hidden\" name=\"_wpcf7_posted_data_hash\" value=\"\" \/>\n<\/fieldset>\n<div class=\"main-contact-form\">\n\t<div class=\"row\">\n\t\t<div class=\"col-md-6\">\n\t\t\t<div class=\"input-filed\">\n\t\t\t\t<p><label for=\"fullName\">Name<\/label><span class=\"wpcf7-form-control-wrap\" data-name=\"full_name\"><input size=\"40\" maxlength=\"400\" class=\"wpcf7-form-control wpcf7-text wpcf7-validates-as-required\" id=\"fullName\" aria-required=\"true\" aria-invalid=\"false\" placeholder=\"Name\" value=\"\" type=\"text\" name=\"full_name\" \/><\/span>\n\t\t\t\t<\/p>\n\t\t\t<\/div>\n\t\t<\/div>\n\t\t<div class=\"col-md-6\">\n\t\t\t<div class=\"input-filed\">\n\t\t\t\t<p><label for=\"email\">Email <\/label><span class=\"wpcf7-form-control-wrap\" data-name=\"email\"><input size=\"40\" maxlength=\"400\" class=\"wpcf7-form-control wpcf7-email wpcf7-validates-as-required wpcf7-text wpcf7-validates-as-email\" id=\"email\" aria-required=\"true\" aria-invalid=\"false\" placeholder=\"email@gmail.com\" value=\"\" type=\"email\" name=\"email\" \/><\/span>\n\t\t\t\t<\/p>\n\t\t\t<\/div>\n\t\t<\/div>\n\t\t<div class=\"col-md-6\">\n\t\t\t<div class=\"input-filed\">\n\t\t\t\t<p><label for=\"phoneNumber\">T\u00e9l\u00e9phone<\/label><span class=\"wpcf7-form-control-wrap\" data-name=\"phone\"><input size=\"40\" maxlength=\"400\" class=\"wpcf7-form-control wpcf7-tel wpcf7-validates-as-required wpcf7-text wpcf7-validates-as-tel\" id=\"phoneNumber\" aria-required=\"true\" aria-invalid=\"false\" placeholder=\"+212 (123) 456 88\" value=\"\" type=\"tel\" name=\"phone\" \/><\/span>\n\t\t\t\t<\/p>\n\t\t\t<\/div>\n\t\t<\/div>\n\t\t<div class=\"col-md-6\">\n\t\t\t<div class=\"input-filed\">\n\t\t\t\t<p><label for=\"requirements\">Quel type de projet avez-vous ?<\/label><span class=\"wpcf7-form-control-wrap\" data-name=\"requirements\"><select class=\"wpcf7-form-control wpcf7-select wpcf7-validates-as-required\" id=\"requirements\" aria-required=\"true\" aria-invalid=\"false\" name=\"requirements\"><option value=\"Personnalisation de Site Web\">Personnalisation de Site Web<\/option><option value=\"Refonte de Site Web\">Refonte de Site Web<\/option><option value=\"D\u00e9veloppement de Site Web\">D\u00e9veloppement de Site Web<\/option><option value=\"Cr\u00e9ation de Th\u00e8me\">Cr\u00e9ation de Th\u00e8me<\/option><option value=\"D\u00e9veloppement d&#039;Application Web\">D\u00e9veloppement d&#039;Application Web<\/option><option value=\"Optimisation SEO\">SEO Optimization<\/option><option value=\"R\u00e9seaux Sociaux\">R\u00e9seaux Sociaux<\/option><option value=\"Photographie\">Photographie<\/option><option value=\"Montage Vid\u00e9o\">Montage Vid\u00e9o<\/option><option value=\"Design graphique et travaux d&#039;impression\">Design graphique et travaux d&#039;impression<\/option><\/select><\/span>\n\t\t\t\t<\/p>\n\t\t\t<\/div>\n\t\t<\/div>\n\t\t<div class=\"col-12\">\n\t\t\t<div class=\"input-filed\">\n\t\t\t\t<p><label for=\"message\">Message<\/label><span class=\"wpcf7-form-control-wrap\" data-name=\"message\"><textarea cols=\"40\" rows=\"10\" maxlength=\"2000\" class=\"wpcf7-form-control wpcf7-textarea wpcf7-validates-as-required\" id=\"message\" aria-required=\"true\" aria-invalid=\"false\" placeholder=\"Enter your message\" name=\"message\"><\/textarea><\/span>\n\t\t\t\t<\/p>\n\t\t\t<\/div>\n\t\t<\/div>\n\t\t<div class=\"col-12\" style=\"text-align: right;\">\n\t\t\t<p><div id=\"cf7sr-69f63d7bb4884\" class=\"cf7sr-g-turnstile\" data-theme=\"auto\" data-language=\"fr\" data-size=\"normal\" data-appearance=\"always\" data-sitekey=\"0x4AAAAAABATZThgO-_yVcJl\"><\/div><span class=\"wpcf7-form-control-wrap cf7sr-turnstile\" data-name=\"cf7sr-turnstile\"><input type=\"hidden\" name=\"cf7sr-turnstile\" value=\"\" class=\"wpcf7-form-control\"><\/span>\n\t\t\t<\/p>\n\t\t<\/div>\n\t\t<div class=\"col-12\">\n\t\t\t<div class=\"input-submit\">\n\t\t\t\t<p><input class=\"wpcf7-form-control wpcf7-submit has-spinner\" type=\"submit\" value=\"Send\" \/>\n\t\t\t\t<\/p>\n\t\t\t<\/div>\n\t\t<\/div>\n\t<\/div>\n<\/div><div class=\"wpcf7-response-output\" aria-hidden=\"true\"><\/div>\n<input type=\"hidden\" name=\"trp-form-language\" value=\"en\"\/><\/form>\n<\/div>\n            <\/div>\n        \t\t\t\t<\/div>\n\t\t\t\t<\/div>\n\t\t\t\t\t<\/div>\n\t\t<\/div>\n\t\t\t\t\t<\/div>\n\t\t<\/section>\n\t\t\t\t<section class=\"elementor-section elementor-top-section elementor-element elementor-element-15e9449 elementor-section-boxed elementor-section-height-default elementor-section-height-default\" data-id=\"15e9449\" data-element_type=\"section\">\n\t\t\t\t\t\t<div class=\"elementor-container elementor-column-gap-default\">\n\t\t\t\t\t<div class=\"elementor-column elementor-col-100 elementor-top-column elementor-element elementor-element-9c86131\" data-id=\"9c86131\" data-element_type=\"column\">\n\t\t\t<div class=\"elementor-widget-wrap elementor-element-populated\">\n\t\t\t\t\t\t<div class=\"elementor-element elementor-element-560e367 elementor-invisible elementor-widget elementor-widget-oxence-advanced-heading\" data-id=\"560e367\" data-element_type=\"widget\" data-settings=\"{&quot;_animation&quot;:&quot;fadeInUp&quot;}\" data-widget_type=\"oxence-advanced-heading.default\">\n\t\t\t\t<div class=\"elementor-widget-container\">\n\t\t\t\t\t        <div class=\"oxence-advanced-heading\">\n                            <div class=\"sub-heading\">\n                                        <span class=\"sub-heading-text\">Client Testimonials<\/span>                                            <span class=\"dots dots-left\">\n                            <span><\/span>\n                            <span><\/span>\n                            <span><\/span>\n                        <\/span>\n                                                <span class=\"dots dots-right\">\n                            <span><\/span>\n                            <span><\/span>\n                            <span><\/span>\n                        <\/span>\n                                                            <\/div>\n                        <h3 class=\"main-heading\"><span class=\"main-text\">What our clients say<\/span><\/h3>        <\/div>\n        \t\t\t\t<\/div>\n\t\t\t\t<\/div>\n\t\t\t\t<div class=\"elementor-element elementor-element-41df2c2 elementor-invisible elementor-widget elementor-widget-oxence-testimonial\" data-id=\"41df2c2\" data-element_type=\"widget\" data-settings=\"{&quot;slides_per_view&quot;:&quot;2&quot;,&quot;slides_per_view_laptop&quot;:&quot;2&quot;,&quot;slides_per_view_tablet_extra&quot;:&quot;2&quot;,&quot;slides_per_view_tablet&quot;:&quot;1&quot;,&quot;_animation&quot;:&quot;fadeInUp&quot;,&quot;slides_per_view_mobile&quot;:1,&quot;slides_to_scroll&quot;:1,&quot;slides_to_scroll_laptop&quot;:1,&quot;slides_to_scroll_tablet_extra&quot;:1,&quot;slides_to_scroll_tablet&quot;:1,&quot;slides_to_scroll_mobile&quot;:1,&quot;speed&quot;:500,&quot;autoplay&quot;:&quot;yes&quot;,&quot;autoplay_speed&quot;:5000,&quot;loop&quot;:&quot;yes&quot;,&quot;pause_on_hover&quot;:&quot;yes&quot;}\" data-widget_type=\"oxence-testimonial.default\">\n\t\t\t\t<div class=\"elementor-widget-container\">\n\t\t\t\t\t        <div class=\"oxence-slider-active oxence-testimonial-carousel\">\n                            <div class=\"oxence-slider-item\">\n                    <div class=\"oxence-testimonial alignment- image-left quote-on-image\">\n                                                                        <div class=\"author-img\">\n                            <img decoding=\"async\" src=\"https:\/\/www.faisalsafadi.com\/wp-content\/uploads\/2025\/03\/images.png\" alt=\"Emily \"><span class=\"quote-icon\"><i class=\"fas fa-quote-left\"><\/i><\/span>                        <\/div>\n                                                <div class=\"content\">\n                            <p>Faisal a su parfaitement traduire notre identit\u00e9 de marque en un site web \u00e9l\u00e9gant et intuitif. Son sens de la cr\u00e9ativit\u00e9 et son souci du d\u00e9tail sont exceptionnels. Nous avons constat\u00e9 une augmentation significative de nos ventes en ligne gr\u00e2ce \u00e0 son travail !<\/p>                                                            <div class=\"author-info\">\n                                    <h5 class=\"name\">Emily <\/h5><span class=\"title\">Responsable Marketing, Boutique de mode<\/span>                                <\/div>\n                                                    <\/div>\n                                            <\/div>\n                <\/div>\n                            <div class=\"oxence-slider-item\">\n                    <div class=\"oxence-testimonial alignment- image-left quote-on-image\">\n                                                                        <div class=\"author-img\">\n                            <img decoding=\"async\" src=\"https:\/\/www.faisalsafadi.com\/wp-content\/uploads\/2025\/03\/images.jpg\" alt=\"Marc R\"><span class=\"quote-icon\"><i class=\"fas fa-quote-left\"><\/i><\/span>                        <\/div>\n                                                <div class=\"content\">\n                            <p>J&#039;ai \u00e9t\u00e9 impressionn\u00e9 par le professionnalisme et la r\u00e9activit\u00e9 de Faisal. Il a cr\u00e9\u00e9 un site web sur mesure pour notre restaurant en un temps record, et les r\u00e9sultats sont au rendez-vous : plus de r\u00e9servations et une meilleure visibilit\u00e9 en ligne. Je recommande vivement <\/p>                                                            <div class=\"author-info\">\n                                    <h5 class=\"name\">Marc R<\/h5><span class=\"title\">G\u00e9rant, Restaurant &quot;Le Bistrot Gourmand&quot;<\/span>                                <\/div>\n                                                    <\/div>\n                                            <\/div>\n                <\/div>\n                            <div class=\"oxence-slider-item\">\n                    <div class=\"oxence-testimonial alignment- image-left quote-on-image\">\n                                                                        <div class=\"author-img\">\n                            <img decoding=\"async\" src=\"https:\/\/www.faisalsafadi.com\/wp-content\/uploads\/2025\/03\/images.jpg\" alt=\"Sophie Martin\"><span class=\"quote-icon\"><i class=\"fas fa-quote-left\"><\/i><\/span>                        <\/div>\n                                                <div class=\"content\">\n                            <p>Faisal a \u00e9t\u00e9 un v\u00e9ritable partenaire pour notre association. Il a pris le temps de comprendre nos besoins et a cr\u00e9\u00e9 un site web simple et accessible pour nos b\u00e9n\u00e9ficiaires. Son accompagnement personnalis\u00e9 et sa patience sont inestimables. Merci !<\/p>                                                            <div class=\"author-info\">\n                                    <h5 class=\"name\">Sophie Martin<\/h5><span class=\"title\">Fondatrice, Association &quot;Aide aux Enfants&quot;<\/span>                                <\/div>\n                                                    <\/div>\n                                            <\/div>\n                <\/div>\n                            <div class=\"oxence-slider-item\">\n                    <div class=\"oxence-testimonial alignment- image-left quote-on-image\">\n                                                                        <div class=\"author-img\">\n                            <img decoding=\"async\" src=\"https:\/\/www.faisalsafadi.com\/wp-content\/uploads\/2025\/03\/images.jpg\" alt=\"Ahmed Al-Mansoori\"><span class=\"quote-icon\"><i class=\"fas fa-quote-left\"><\/i><\/span>                        <\/div>\n                                                <div class=\"content\">\n                            <p>Faisal a con\u00e7u une application web innovante pour notre entreprise, qui a contribu\u00e9 \u00e0 am\u00e9liorer l&#039;efficacit\u00e9 des op\u00e9rations et \u00e0 accro\u00eetre la satisfaction des clients. Son design est moderne et attrayant, et son \u00e9quipe est hautement qualifi\u00e9e et tr\u00e8s professionnelle. Je le recommande vivement \u00e0 toute entreprise \u00e0 la recherche de solutions num\u00e9riques avanc\u00e9es<\/p>                                                            <div class=\"author-info\">\n                                    <h5 class=\"name\">Ahmed Al-Mansoori<\/h5><span class=\"title\">Directeur G\u00e9n\u00e9ral, Soci\u00e9t\u00e9 &quot;Al-Noor Technologies&quot;<\/span>                                <\/div>\n                                                    <\/div>\n                                            <\/div>\n                <\/div>\n                    <\/div>\n        \t\t\t\t<\/div>\n\t\t\t\t<\/div>\n\t\t\t\t\t<\/div>\n\t\t<\/div>\n\t\t\t\t\t<\/div>\n\t\t<\/section>\n\t\t\t\t<\/div>","protected":false},"excerpt":{"rendered":"<p>Maintenance de sites web Marrakech Cr\u00e9ation sites Web D\u00e9veloppement d\u2019applications Web E-commerce et vente en ligne Optimisation pour les moteurs de recherche Reportage photo et vid\u00e9o professionnel email faisalsafadi@gmail.com T\u00e9l\u00e9phone Appel : +212 668 964 168 Whatsapp : +212668964168 Suivez-nous Facebook-f Github Linkedin-in Maintenance de sites web Marrakech D\u00e9veloppez Votre Pr\u00e9sence en Ligne Pr\u00eat \u00e0 [&hellip;]<\/p>\n","protected":false},"author":1,"featured_media":5996,"parent":0,"menu_order":0,"comment_status":"closed","ping_status":"closed","template":"","meta":{"footnotes":""},"class_list":["post-1393","page","type-page","status-publish","has-post-thumbnail","hentry"],"_links":{"self":[{"href":"https:\/\/www.faisalsafadi.com\/en\/wp-json\/wp\/v2\/pages\/1393","targetHints":{"allow":["GET"]}}],"collection":[{"href":"https:\/\/www.faisalsafadi.com\/en\/wp-json\/wp\/v2\/pages"}],"about":[{"href":"https:\/\/www.faisalsafadi.com\/en\/wp-json\/wp\/v2\/types\/page"}],"author":[{"embeddable":true,"href":"https:\/\/www.faisalsafadi.com\/en\/wp-json\/wp\/v2\/users\/1"}],"replies":[{"embeddable":true,"href":"https:\/\/www.faisalsafadi.com\/en\/wp-json\/wp\/v2\/comments?post=1393"}],"version-history":[{"count":103,"href":"https:\/\/www.faisalsafadi.com\/en\/wp-json\/wp\/v2\/pages\/1393\/revisions"}],"predecessor-version":[{"id":6979,"href":"https:\/\/www.faisalsafadi.com\/en\/wp-json\/wp\/v2\/pages\/1393\/revisions\/6979"}],"wp:featuredmedia":[{"embeddable":true,"href":"https:\/\/www.faisalsafadi.com\/en\/wp-json\/wp\/v2\/media\/5996"}],"wp:attachment":[{"href":"https:\/\/www.faisalsafadi.com\/en\/wp-json\/wp\/v2\/media?parent=1393"}],"curies":[{"name":"wp","href":"https:\/\/api.w.org\/{rel}","templated":true}]}}